{"id":2467,"date":"2022-03-22T18:53:15","date_gmt":"2022-03-22T22:53:15","guid":{"rendered":"http:\/\/stanstead.ca\/public-safety\/"},"modified":"2025-02-19T14:09:44","modified_gmt":"2025-02-19T19:09:44","slug":"public-safety","status":"publish","type":"page","link":"https:\/\/stanstead.ca\/en\/public-safety\/","title":{"rendered":"Public Safety"},"content":{"rendered":"\n<p style=\"font-size:22px\">Public safety is important to us! For this reason, the Town of Stanstead is serviced by various organizations and services related to public safety.<\/p>\n\n\n\n<h2 class=\"wp-block-heading\">Citizen communication and alert system<\/h2>\n\n\n\n<figure class=\"wp-block-image size-large\"><img fetchpriority=\"high\" decoding=\"async\" width=\"622\" height=\"1024\" src=\"https:\/\/stanstead.ca\/wp-content\/uploads\/2024\/11\/image-1-622x1024.png\" alt=\"\" class=\"wp-image-8491\" srcset=\"https:\/\/stanstead.ca\/wp-content\/uploads\/2024\/11\/image-1-622x1024.png 622w, https:\/\/stanstead.ca\/wp-content\/uploads\/2024\/11\/image-1-182x300.png 182w, https:\/\/stanstead.ca\/wp-content\/uploads\/2024\/11\/image-1-768x1265.png 768w, https:\/\/stanstead.ca\/wp-content\/uploads\/2024\/11\/image-1-932x1536.png 932w, https:\/\/stanstead.ca\/wp-content\/uploads\/2024\/11\/image-1-1243x2048.png 1243w, https:\/\/stanstead.ca\/wp-content\/uploads\/2024\/11\/image-1.png 1554w\" sizes=\"(max-width: 622px) 100vw, 622px\" \/><\/figure>\n\n\n\n<p>Personalize your notifications by choosing the services, sectors and how you want to be notified (email, text message or automated call).<\/p>\n\n\n\n<p>Services offered by this platform:<br>\u2013 Emergency Measures Notices;<br>\u2013 Public Interest Messages Notices *<sup>1<\/sup>;<br>\u2013 Public Works Notices *<sup>2<\/sup>;<\/p>\n\n\n\n<p>*<sup>1<\/sup> Public service announcements are information only about your city&#8217;s administration, such as town council date reminders, tax date reminders, special collection dates and much more.<\/p>\n\n\n\n<p>*<sup>2<\/sup> Public works notices include, among others, boil water advisories, water main maintenance work, infrastructure repair work or snow removal.<\/p>\n\n\n\n<div class=\"wp-block-group\"><div class=\"wp-block-group__inner-container is-layout-constrained wp-block-group-is-layout-constrained\">\n<div class=\"wp-block-columns are-vertically-aligned-top is-layout-flex wp-container-core-columns-is-layout-9d6595d7 wp-block-columns-is-layout-flex\">\n<div class=\"wp-block-column is-vertically-aligned-top is-layout-flow wp-block-column-is-layout-flow\">\n<p><strong>Register online so you don&#8217;t miss anything<\/strong><\/p>\n\n\n\n<p>\ud83d\udc49 Click the following link | <a href=\"https:\/\/bit.ly\/3Nzb2vx\" title=\"\">ht<\/a><a href=\"https:\/\/urls.fr\/4Juimc\" title=\"\">tps:\/\/vu.fr\/aEwfy<\/a><\/p>\n\n\n\n<p>If you need help completing the form, contact us at 819 876-7181 ext. 110 or come to town hall at <br>425, rue Dufferin by appointment.<\/p>\n\n\n<div class=\"wp-block-image\">\n<figure class=\"alignleft size-full is-resized\"><img decoding=\"async\" width=\"468\" height=\"469\" src=\"https:\/\/stanstead.ca\/wp-content\/uploads\/2024\/08\/Code-Qr-ANG.jpg\" alt=\"\" class=\"wp-image-8315\" style=\"width:232px;height:auto\" srcset=\"https:\/\/stanstead.ca\/wp-content\/uploads\/2024\/08\/Code-Qr-ANG.jpg 468w, https:\/\/stanstead.ca\/wp-content\/uploads\/2024\/08\/Code-Qr-ANG-300x300.jpg 300w, https:\/\/stanstead.ca\/wp-content\/uploads\/2024\/08\/Code-Qr-ANG-150x150.jpg 150w\" sizes=\"(max-width: 468px) 100vw, 468px\" \/><\/figure>\n<\/div>\n\n<div class=\"wp-block-image\">\n<figure class=\"alignright size-full is-resized\"><img decoding=\"async\" width=\"865\" height=\"469\" src=\"https:\/\/stanstead.ca\/wp-content\/uploads\/2024\/08\/logo-telmatik-2.jpg\" alt=\"\" class=\"wp-image-8319\" style=\"width:307px;height:auto\" srcset=\"https:\/\/stanstead.ca\/wp-content\/uploads\/2024\/08\/logo-telmatik-2.jpg 865w, https:\/\/stanstead.ca\/wp-content\/uploads\/2024\/08\/logo-telmatik-2-300x163.jpg 300w, https:\/\/stanstead.ca\/wp-content\/uploads\/2024\/08\/logo-telmatik-2-768x416.jpg 768w\" sizes=\"(max-width: 865px) 100vw, 865px\" \/><\/figure>\n<\/div><\/div>\n<\/div>\n<\/div><\/div>\n\n\n\n<h2 class=\"wp-block-heading\">Police | S\u00fbret\u00e9 du Qu\u00e9bec<\/h2>\n\n\n\n<div class=\"wp-block-media-text alignwide is-stacked-on-mobile\" style=\"grid-template-columns:18% auto\"><figure class=\"wp-block-media-text__media\"><img loading=\"lazy\" decoding=\"async\" width=\"268\" height=\"300\" src=\"https:\/\/stanstead.ca\/wp-content\/uploads\/2022\/03\/Surete-Quebec_logo.png\" alt=\"\" class=\"wp-image-815 size-full\"\/><\/figure><div class=\"wp-block-media-text__content\">\n<p style=\"font-size:16px\">The Town of Stanstead is serviced by police services under the S\u00fbret\u00e9 du Qu\u00e9bec (SQ). Their agents are appointed as the authority for enforcing town by-laws and provincial laws. SQ stations prepare prevention activities for all the municipalities they serve, such as proactive and non-penal measures that specifically aim to reduce criminal activity. Most of these prevention activities take place on a daily basis, in the context of interventions taken by agents working the territory.<\/p>\n<\/div><\/div>\n\n\n<div id=\"lm-bouton-block_81dc9a272e68b86e95afb6f6f82fc5aa\" class=\"lm-bouton lm-btn-center lm-bouton\">\r\n\t<a class=\"btn\" href=\"https:\/\/stanstead.ca\/wp-content\/uploads\/2022\/05\/0-RU-2018-211-Securite-paix-et-ordre-SIGNE.pdf\" target=\"\">By-law concerning safety, peace and order<\/a>\r\n<\/div>\n\n\n<div class=\"wp-block-columns is-layout-flex wp-container-core-columns-is-layout-9d6595d7 wp-block-columns-is-layout-flex\">\n<div class=\"wp-block-column is-layout-flow wp-block-column-is-layout-flow\">\n<div class=\"wp-block-media-text alignwide is-stacked-on-mobile petit-icone\" style=\"grid-template-columns:15% auto\"><figure class=\"wp-block-media-text__media\"><img decoding=\"async\" src=\"https:\/\/stanstead.ca\/wp-content\/uploads\/\/Adresse.svg\" alt=\"\" class=\"wp-image-2061 size-thumbnail\"\/><\/figure><div class=\"wp-block-media-text__content\">\n<p>4080 Sherbrooke Street, Magog, Quebec J1X 3W5<\/p>\n<\/div><\/div>\n\n\n\n<div class=\"wp-block-media-text alignwide is-stacked-on-mobile petit-icone\" style=\"grid-template-columns:15% auto\"><figure class=\"wp-block-media-text__media\"><img decoding=\"async\" src=\"https:\/\/stanstead.ca\/wp-content\/uploads\/\/Horaire.svg\" alt=\"\" class=\"wp-image-2073 size-thumbnail\"\/><\/figure><div class=\"wp-block-media-text__content\">\n<p>Monday through Friday<br>8:30 am to 4:30 pm<\/p>\n<\/div><\/div>\n\n\n\n<div class=\"wp-block-media-text alignwide is-stacked-on-mobile petit-icone\" style=\"grid-template-columns:15% auto\"><figure class=\"wp-block-media-text__media\"><img decoding=\"async\" src=\"https:\/\/stanstead.ca\/wp-content\/uploads\/\/Telephone.svg\" alt=\"\" class=\"wp-image-2089 size-full\"\/><\/figure><div class=\"wp-block-media-text__content\">\n<p><a href=\"tel:819-868-3666\">819 868-3666<\/a><\/p>\n<\/div><\/div>\n\n\n\n<p>In case of emergency, citizens are invited to dial 9-1-1 or 310-4141 (*4141 on cell phones).<\/p>\n<\/div>\n\n\n\n<div class=\"wp-block-column is-layout-flow wp-block-column-is-layout-flow\"><div class=\"wp-block-image\">\n<figure class=\"aligncenter size-full is-resized\"><img loading=\"lazy\" decoding=\"async\" width=\"304\" height=\"202\" src=\"https:\/\/stanstead.ca\/wp-content\/uploads\/2022\/05\/poste-SQ-mrc.png\" alt=\"\" class=\"wp-image-3468\" style=\"width:383px;height:255px\" srcset=\"https:\/\/stanstead.ca\/wp-content\/uploads\/2022\/05\/poste-SQ-mrc.png 304w, https:\/\/stanstead.ca\/wp-content\/uploads\/2022\/05\/poste-SQ-mrc-300x199.png 300w\" sizes=\"(max-width: 304px) 100vw, 304px\" \/><\/figure>\n<\/div><\/div>\n<\/div>\n\n\n\n<h2 class=\"wp-block-heading\">Fire Protection | R\u00e9gie Memphr\u00e9magog-Est<\/h2>\n\n\n\n<div class=\"wp-block-media-text alignwide is-stacked-on-mobile\" style=\"grid-template-columns:18% auto\"><figure class=\"wp-block-media-text__media\"><img loading=\"lazy\" decoding=\"async\" width=\"828\" height=\"960\" src=\"https:\/\/stanstead.ca\/wp-content\/uploads\/2022\/03\/Memphremagog-incendie-logo-1.jpg\" alt=\"\" class=\"wp-image-820 size-full\" srcset=\"https:\/\/stanstead.ca\/wp-content\/uploads\/2022\/03\/Memphremagog-incendie-logo-1.jpg 828w, https:\/\/stanstead.ca\/wp-content\/uploads\/2022\/03\/Memphremagog-incendie-logo-1-259x300.jpg 259w, https:\/\/stanstead.ca\/wp-content\/uploads\/2022\/03\/Memphremagog-incendie-logo-1-768x890.jpg 768w\" sizes=\"(max-width: 828px) 100vw, 828px\" \/><\/figure><div class=\"wp-block-media-text__content\">\n<p>Since the fall of 2018, the Town of Stanstead has been a member of the R\u00e9gie incendie Memphr\u00e9magog-Est. The fire station 1, located under Town Hall at 425 Dufferin Street, is well-positioned to serve the town and greater Stanstead area, if necessary.<\/p>\n\n\n\n<p>The R\u00e9gie director and the preventionist  are based at the Hatley municipal offices.<\/p>\n<\/div><\/div>\n\n\n\n<div class=\"wp-block-media-text alignwide is-stacked-on-mobile\" style=\"grid-template-columns:70% auto\"><figure class=\"wp-block-media-text__media\"><img loading=\"lazy\" decoding=\"async\" width=\"628\" height=\"343\" src=\"https:\/\/stanstead.ca\/wp-content\/uploads\/2025\/02\/photo-officelle-pompier-decembre-2024-1.jpg\" alt=\"\" class=\"wp-image-8878 size-full\" srcset=\"https:\/\/stanstead.ca\/wp-content\/uploads\/2025\/02\/photo-officelle-pompier-decembre-2024-1.jpg 628w, https:\/\/stanstead.ca\/wp-content\/uploads\/2025\/02\/photo-officelle-pompier-decembre-2024-1-300x164.jpg 300w\" sizes=\"(max-width: 628px) 100vw, 628px\" \/><\/figure><div class=\"wp-block-media-text__content\"><div id=\"lm-bouton-block_f6c9165b7420b242463da033df5e165d\" class=\"lm-bouton lm-btn-center lm-bouton\">\r\n\t<a class=\"btn\" href=\"https:\/\/stanstead.ca\/wp-content\/uploads\/2022\/08\/2022-08-17-fichiers-joints.pdf\" target=\"\">Reference document: open-air fires and fireworks<\/a>\r\n<\/div><\/div><\/div>\n\n\n\n<div class=\"wp-block-columns is-layout-flex wp-container-core-columns-is-layout-9d6595d7 wp-block-columns-is-layout-flex\">\n<div class=\"wp-block-column is-layout-flow wp-block-column-is-layout-flow\"><\/div>\n<\/div>\n\n\n<div id=\"lm-bouton-block_f077f126bb9e546ad49a31fb52a1c3e9\" class=\"lm-bouton  lm-bouton\">\r\n\t<a class=\"btn\" href=\"https:\/\/stanstead.ca\/wp-content\/uploads\/2022\/03\/2020-11-10-Reglement-RU-2020-04-Prevention-incendies.pdf\" target=\"\">By-law for fire protection<\/a>\r\n<\/div>\n\n\n<div class=\"wp-block-columns is-layout-flex wp-container-core-columns-is-layout-9d6595d7 wp-block-columns-is-layout-flex\">\n<div class=\"wp-block-column is-layout-flow wp-block-column-is-layout-flow\">\n<div class=\"wp-block-media-text alignwide is-stacked-on-mobile petit-icone\" style=\"grid-template-columns:15% auto\"><figure class=\"wp-block-media-text__media\"><img decoding=\"async\" src=\"https:\/\/stanstead.ca\/wp-content\/uploads\/\/Liens.svg\" alt=\"\" class=\"wp-image-2079 size-full\"\/><\/figure><div class=\"wp-block-media-text__content\">\n<p><a href=\"http:\/\/www.regieincendieest.ca\/\" target=\"_blank\" rel=\"noreferrer noopener\">Internet website<\/a><\/p>\n<\/div><\/div>\n\n\n\n<div class=\"wp-block-media-text alignwide is-stacked-on-mobile petit-icone\" style=\"grid-template-columns:15% auto\"><figure class=\"wp-block-media-text__media\"><img decoding=\"async\" src=\"https:\/\/stanstead.ca\/wp-content\/uploads\/\/Adresse.svg\" alt=\"\" class=\"wp-image-2061 size-full\"\/><\/figure><div class=\"wp-block-media-text__content\">\n<p>2100 Route143<\/p>\n\n\n\n<p>Hatley, Quebec J0B 4B0<\/p>\n<\/div><\/div>\n<\/div>\n\n\n\n<div class=\"wp-block-column is-layout-flow wp-block-column-is-layout-flow\">\n<div class=\"wp-block-media-text alignwide is-stacked-on-mobile is-vertically-aligned-center petit-icone\" style=\"grid-template-columns:15% auto\"><figure class=\"wp-block-media-text__media\"><img decoding=\"async\" src=\"https:\/\/stanstead.ca\/wp-content\/uploads\/\/Courriel.svg\" alt=\"\" class=\"wp-image-2067 size-full\"\/><\/figure><div class=\"wp-block-media-text__content\">\n<p><a href=\"mailto:prevention@regieincendieest.com\">prevention@regieincendieest.com<\/a><\/p>\n<\/div><\/div>\n\n\n\n<div class=\"wp-block-media-text alignwide is-stacked-on-mobile is-vertically-aligned-center petit-icone\" style=\"grid-template-columns:15% auto\"><figure class=\"wp-block-media-text__media\"><img decoding=\"async\" src=\"https:\/\/stanstead.ca\/wp-content\/uploads\/\/Telephone.svg\" alt=\"\" class=\"wp-image-2089 size-full\"\/><\/figure><div class=\"wp-block-media-text__content\">\n<p><a href=\"tel:819-838-5877\">819 838-5877<\/a>, Extension 202<br><a href=\"tel:819-823-4830\">819 823-4830<\/a>, cellular<\/p>\n<\/div><\/div>\n<\/div>\n<\/div>\n\n\n\n<h2 class=\"wp-block-heading\">Animal Protection | Soci\u00e9t\u00e9 protectrice des animaux<\/h2>\n\n\n\n<div class=\"wp-block-media-text alignwide is-stacked-on-mobile\" style=\"grid-template-columns:19% auto\"><figure class=\"wp-block-media-text__media\"><img loading=\"lazy\" decoding=\"async\" width=\"1024\" height=\"501\" src=\"https:\/\/stanstead.ca\/wp-content\/uploads\/2022\/03\/SPA-Estrie-1024x501.jpg\" alt=\"\" class=\"wp-image-852 size-full\" srcset=\"https:\/\/stanstead.ca\/wp-content\/uploads\/2022\/03\/SPA-Estrie-1024x501.jpg 1024w, https:\/\/stanstead.ca\/wp-content\/uploads\/2022\/03\/SPA-Estrie-300x147.jpg 300w, https:\/\/stanstead.ca\/wp-content\/uploads\/2022\/03\/SPA-Estrie-768x376.jpg 768w, https:\/\/stanstead.ca\/wp-content\/uploads\/2022\/03\/SPA-Estrie.jpg 1227w\" sizes=\"(max-width: 1024px) 100vw, 1024px\" \/><\/figure><div class=\"wp-block-media-text__content\">\n<p>The SPA de l\u2019Estrie services a territory covering more than 225,000 inhabitants, in various cities and towns across the Eastern Townships, including the Town of Stanstead.<\/p>\n\n\n\n<p>These cities and municipalities have delegated their authority in animal matters to the SPAE who has the responsibility to sell licenses and offer a number of other services to citizens and their animals across the region.<\/p>\n<\/div><\/div>\n\n\n\n<p>By-law RU-2020-03 states that animal owners must have a license for all cats and dogs in their possession.<\/p>\n\n\n<div id=\"lm-bouton-block_822f639e91e7e61b82db6387d3852ee0\" class=\"lm-bouton  lm-bouton\">\r\n\t<a class=\"btn\" href=\"http:\/\/stanstead.ca\/wp-content\/uploads\/2022\/04\/RU-2020-03-ANIMAUX-SIGNE_1.pdf\" target=\"\">By-law on animals<\/a>\r\n<\/div>\n\n\n<div class=\"wp-block-columns is-layout-flex wp-container-core-columns-is-layout-9d6595d7 wp-block-columns-is-layout-flex\">\n<div class=\"wp-block-column is-layout-flow wp-block-column-is-layout-flow\">\n<div class=\"wp-block-media-text alignwide is-stacked-on-mobile petit-icone\" style=\"grid-template-columns:15% auto\"><figure class=\"wp-block-media-text__media\"><img decoding=\"async\" src=\"https:\/\/stanstead.ca\/wp-content\/uploads\/\/Liens.svg\" alt=\"\" class=\"wp-image-2079 size-full\"\/><\/figure><div class=\"wp-block-media-text__content\">\n<p><a href=\"https:\/\/spaestrie.qc.ca\/\" target=\"_blank\" rel=\"noreferrer noopener\">Internet website<\/a><\/p>\n<\/div><\/div>\n\n\n\n<div class=\"wp-block-media-text alignwide is-stacked-on-mobile petit-icone\" style=\"grid-template-columns:15% auto\"><figure class=\"wp-block-media-text__media\"><img decoding=\"async\" src=\"https:\/\/stanstead.ca\/wp-content\/uploads\/\/Adresse.svg\" alt=\"\" class=\"wp-image-2061 size-full\"\/><\/figure><div class=\"wp-block-media-text__content\">\n<p>145 Sauv\u00e9 Street<br>Sherbrooke, Quebec J1L 1L6<\/p>\n<\/div><\/div>\n<\/div>\n\n\n\n<div class=\"wp-block-column is-layout-flow wp-block-column-is-layout-flow\">\n<div class=\"wp-block-media-text alignwide is-stacked-on-mobile petit-icone\" style=\"grid-template-columns:15% auto\"><figure class=\"wp-block-media-text__media\"><img decoding=\"async\" src=\"https:\/\/stanstead.ca\/wp-content\/uploads\/\/Courriel.svg\" alt=\"\" class=\"wp-image-2067 size-full\"\/><\/figure><div class=\"wp-block-media-text__content\">\n<p><a href=\"mailto:licences@spaestrie.qc.ca\">licences@spaestrie.qc.ca<\/a><\/p>\n<\/div><\/div>\n\n\n\n<div class=\"wp-block-media-text alignwide is-stacked-on-mobile petit-icone\" style=\"grid-template-columns:15% auto\"><figure class=\"wp-block-media-text__media\"><img decoding=\"async\" src=\"https:\/\/stanstead.ca\/wp-content\/uploads\/\/Telephone.svg\" alt=\"\" class=\"wp-image-2089 size-full\"\/><\/figure><div class=\"wp-block-media-text__content\">\n<p><a href=\"tel:819%20821-4727\">819 821-4727<\/a><\/p>\n<\/div><\/div>\n<\/div>\n<\/div>\n\n\n\n<h2 class=\"wp-block-heading\">PAIR<\/h2>\n\n\n\n<div class=\"wp-block-columns is-layout-flex wp-container-core-columns-is-layout-9d6595d7 wp-block-columns-is-layout-flex\">\n<div class=\"wp-block-column is-layout-flow wp-block-column-is-layout-flow\" style=\"flex-basis:33.33%\">\n<figure class=\"wp-block-image size-full\"><img loading=\"lazy\" decoding=\"async\" width=\"500\" height=\"170\" src=\"https:\/\/stanstead.ca\/wp-content\/uploads\/2022\/12\/Logo-PAIR-1.png\" alt=\"\" class=\"wp-image-5878\" srcset=\"https:\/\/stanstead.ca\/wp-content\/uploads\/2022\/12\/Logo-PAIR-1.png 500w, https:\/\/stanstead.ca\/wp-content\/uploads\/2022\/12\/Logo-PAIR-1-300x102.png 300w\" sizes=\"(max-width: 500px) 100vw, 500px\" \/><\/figure>\n<\/div>\n\n\n\n<div class=\"wp-block-column is-layout-flow wp-block-column-is-layout-flow\" style=\"flex-basis:66.66%\">\n<p><strong>The <em>Pair<\/em> program allows its members to feel more secure thanks to:<\/strong><\/p>\n\n\n\n<ul class=\"wp-block-list\">\n<li>Daily prevention call service with an alert in case of non-confirmation<\/li>\n\n\n\n<li>Reminders to take medication with or without an alert<\/li>\n<\/ul>\n\n\n\n<p>The prevention system makes it possible to react quickly in the event of a tragedy.<\/p>\n\n\n\n<p>These daily calls are reassuring for subscribers and their families.<\/p>\n<\/div>\n<\/div>\n\n\n\n<p><strong>Who is the Pair program for?<\/strong><\/p>\n\n\n\n<ul class=\"wp-block-list\">\n<li>Seniors living alone.<\/li>\n\n\n\n<li>Elderly couples with or without health problems.<\/li>\n\n\n\n<li>Families who are worried about their parents, but do not have the time or the ability to call them every day.<\/li>\n\n\n\n<li>Person in need of a medication reminder.<\/li>\n\n\n\n<li>PPerson with health problems.<\/li>\n\n\n\n<li>Anyone who needs a daily call for any other reason.<\/li>\n<\/ul>\n\n\n\n<p><strong>The Pair program is completely free for members and always will be!<\/strong><\/p>\n\n\n\n<p>View the brochure here: <strong><a href=\"https:\/\/stanstead.ca\/wp-content\/uploads\/2022\/12\/Pair-Depliant-nouveau-logo.pdf\" title=\"\">PAIR MEMPHREMAGOG REGION<\/a><\/strong><\/p>\n\n\n\n<p><img loading=\"lazy\" decoding=\"async\" width=\"30\" height=\"30\" src=\"https:\/\/stanstead.ca\/wp-content\/uploads\/\/Telephone.svg\" alt=\"\"> 819-876-7748 (CAB Stanstead)<\/p>\n\n\n\n<p><img loading=\"lazy\" decoding=\"async\" src=\"https:\/\/stanstead.ca\/wp-content\/uploads\/\/Liens.svg\" alt=\"\" width=\"30\" height=\"30\"> <a href=\"https:\/\/programmepair.ca\/\" target=\"_blank\" rel=\"noreferrer noopener\">Internet website<\/a><\/p>\n\n\n\n<h2 class=\"wp-block-heading\">Civil Security Plan<\/h2>\n\n\n\n<p>Plan updated in 2021 The Town of Stanstead called on the services of Groupe Prudent conseil in the preparation of our civil security plan that will ensure rapid action in the case of a major disaster affecting the population or other climatic events that may arise.<\/p>\n\n\n\n<p>Adopted in 2021, our civil security plan is in place in the case of a major emergency affecting the region. When emergency measures are enacted, communication to citizens will be done via <a href=\"https:\/\/www.facebook.com\/villedestanstead\" title=\"\">social media<\/a>and the Town website. <\/p>\n\n\n\n<p>However, it is the responsible of each and every citizen to be prepared and autonomous for a period of 72h in the case of an emergency. Three preparation steps are advised: <\/p>\n\n\n\n<p>Canadians are encouraged to take three simple steps to become better prepared to face a range of emergencies:<\/p>\n\n\n\n<div class=\"wp-block-columns is-layout-flex wp-container-core-columns-is-layout-9d6595d7 wp-block-columns-is-layout-flex\">\n<div class=\"wp-block-column is-layout-flow wp-block-column-is-layout-flow\">\n<p>\ud83d\udd34 Know the risks | <a href=\"https:\/\/bit.ly\/3Nzb2vx\" title=\"\">bit.ly\/3Nzb2vx<\/a><\/p>\n\n\n\n<p>\ud83d\udfe1 Make a plan | <a href=\"https:\/\/bit.ly\/41Zs8XS\" title=\"\">bit.ly\/3VlQYPf<\/a><\/p>\n\n\n\n<p>\ud83d\udfe2 Get an emergency kit | <a href=\"https:\/\/bit.ly\/3oQahnt\" title=\"\">bit.ly\/3oQahnt<\/a><\/p>\n\n\n\n<p>Click on image for information on 72h plans \ud83d\udc49<\/p>\n<\/div>\n\n\n\n<div class=\"wp-block-column is-layout-flow wp-block-column-is-layout-flow\">\n<figure class=\"wp-block-image size-full is-resized\"><a href=\"https:\/\/stanstead.ca\/wp-content\/uploads\/2023\/05\/2023-05-02-Preparezvous_EN.pdf\"><img loading=\"lazy\" decoding=\"async\" width=\"940\" height=\"788\" src=\"https:\/\/stanstead.ca\/wp-content\/uploads\/2023\/05\/2023-05-Securite-civile.png\" alt=\"\" class=\"wp-image-7234\" style=\"width:247px;height:206px\" srcset=\"https:\/\/stanstead.ca\/wp-content\/uploads\/2023\/05\/2023-05-Securite-civile.png 940w, https:\/\/stanstead.ca\/wp-content\/uploads\/2023\/05\/2023-05-Securite-civile-300x251.png 300w, https:\/\/stanstead.ca\/wp-content\/uploads\/2023\/05\/2023-05-Securite-civile-768x644.png 768w\" sizes=\"(max-width: 940px) 100vw, 940px\" \/><\/a><\/figure>\n<\/div>\n<\/div>\n","protected":false},"excerpt":{"rendered":"<p>Public safety is important to us! For this reason, the Town of Stanstead is serviced by various organizations and services related to public safety. Citizen communication and alert system Personalize [&hellip;]<\/p>\n","protected":false},"author":2,"featured_media":0,"parent":0,"menu_order":0,"comment_status":"closed","ping_status":"closed","template":"","meta":{"_acf_changed":false,"inline_featured_image":false,"footnotes":""},"tags":[],"class_list":["post-2467","page","type-page","status-publish","hentry"],"acf":[],"aioseo_notices":[],"_links":{"self":[{"href":"https:\/\/stanstead.ca\/en\/wp-json\/wp\/v2\/pages\/2467","targetHints":{"allow":["GET"]}}],"collection":[{"href":"https:\/\/stanstead.ca\/en\/wp-json\/wp\/v2\/pages"}],"about":[{"href":"https:\/\/stanstead.ca\/en\/wp-json\/wp\/v2\/types\/page"}],"author":[{"embeddable":true,"href":"https:\/\/stanstead.ca\/en\/wp-json\/wp\/v2\/users\/2"}],"replies":[{"embeddable":true,"href":"https:\/\/stanstead.ca\/en\/wp-json\/wp\/v2\/comments?post=2467"}],"version-history":[{"count":0,"href":"https:\/\/stanstead.ca\/en\/wp-json\/wp\/v2\/pages\/2467\/revisions"}],"wp:attachment":[{"href":"https:\/\/stanstead.ca\/en\/wp-json\/wp\/v2\/media?parent=2467"}],"wp:term":[{"taxonomy":"post_tag","embeddable":true,"href":"https:\/\/stanstead.ca\/en\/wp-json\/wp\/v2\/tags?post=2467"}],"curies":[{"name":"wp","href":"https:\/\/api.w.org\/{rel}","templated":true}]}}