{"id":2479,"date":"2022-03-02T19:48:36","date_gmt":"2022-03-03T00:48:36","guid":{"rendered":"http:\/\/stanstead.ca\/economy\/"},"modified":"2023-05-02T09:36:52","modified_gmt":"2023-05-02T13:36:52","slug":"economy","status":"publish","type":"page","link":"https:\/\/stanstead.ca\/en\/economy\/","title":{"rendered":"Economy"},"content":{"rendered":"\n<h2 class=\"wp-block-heading\">Among the businesses and services offered in Stanstead, you will find:<\/h2>\n\n\n\n<div class=\"wp-block-columns is-layout-flex wp-container-core-columns-is-layout-9d6595d7 wp-block-columns-is-layout-flex\">\n<div class=\"wp-block-column is-layout-flow wp-block-column-is-layout-flow\">\n<ul class=\"wp-block-list\">\n<li>Inns<\/li>\n\n\n\n<li>Boutiques : jeux, antiquit\u00e9s, v\u00eatements usag\u00e9s, etc.<\/li>\n\n\n\n<li>Bakery\/coffee shop<\/li>\n\n\n\n<li>Caisse Desjardins<\/li>\n\n\n\n<li>Early childhood centre<\/li>\n\n\n\n<li>Elementary schools<\/li>\n\n\n\n<li>Private high school<\/li>\n\n\n\n<li>Mini-marts<\/li>\n<\/ul>\n<\/div>\n\n\n\n<div class=\"wp-block-column is-layout-flow wp-block-column-is-layout-flow\">\n<ul class=\"wp-block-list\">\n<li>Mechanic garages<\/li>\n\n\n\n<li>Grocery store<\/li>\n\n\n\n<li>Drug store<\/li>\n\n\n\n<li>Restaurants<\/li>\n\n\n\n<li>Hair salon<\/li>\n\n\n\n<li>Dry cleaning service<\/li>\n\n\n\n<li>Gas stations<\/li>\n<\/ul>\n<\/div>\n<\/div>\n\n\n\n<figure class=\"wp-block-image size-large\"><img fetchpriority=\"high\" decoding=\"async\" width=\"1024\" height=\"275\" src=\"https:\/\/stanstead.ca\/wp-content\/uploads\/2022\/03\/Entreprises-Stanstead-copie-1024x275.jpg\" alt=\"\" class=\"wp-image-725\" srcset=\"https:\/\/stanstead.ca\/wp-content\/uploads\/2022\/03\/Entreprises-Stanstead-copie-1024x275.jpg 1024w, https:\/\/stanstead.ca\/wp-content\/uploads\/2022\/03\/Entreprises-Stanstead-copie-300x81.jpg 300w, https:\/\/stanstead.ca\/wp-content\/uploads\/2022\/03\/Entreprises-Stanstead-copie-768x207.jpg 768w, https:\/\/stanstead.ca\/wp-content\/uploads\/2022\/03\/Entreprises-Stanstead-copie-1536x413.jpg 1536w, https:\/\/stanstead.ca\/wp-content\/uploads\/2022\/03\/Entreprises-Stanstead-copie-2048x551.jpg 2048w\" sizes=\"(max-width: 1024px) 100vw, 1024px\" \/><\/figure>\n\n\n\n<p>We seek to work actively with various partners such as the <a href=\"https:\/\/ccmemphremagog.com\/\">Memphremagog Chamber of Commerce<\/a>, business owners, real-estate developers (etc.) in the goal of helping the Town of Stanstead shine on the economic development front.<\/p>\n\n\n\n<p>If you are looking for the perfect place to settle in the Eastern Townships, whether as a family, a couple or a single person, the Town of Stanstead should be at the top of your list! With two elementary schools, essential services and a location directly on Highway 55 only 20 minutes from Magog, 30 minutes from Sherbrooke and a stone&#8217;s throw from the United States, you will surely fall under the charm of our town.<\/p>\n\n\n\n<p><a href=\"https:\/\/stanstead.ca\/wp-content\/uploads\/2023\/05\/2023-05-01-Guide-bienvenue_EN.pdf\" target=\"_blank\" rel=\"noopener\" title=\"click here.\">Click here<\/a> to view our <em>Welcome Guide<\/em><\/p>\n","protected":false},"excerpt":{"rendered":"<p>Among the businesses and services offered in Stanstead, you will find: We seek to work actively with various partners such as the Memphremagog Chamber of Commerce, business owners, real-estate developers [&hellip;]<\/p>\n","protected":false},"author":2,"featured_media":0,"parent":0,"menu_order":0,"comment_status":"closed","ping_status":"closed","template":"","meta":{"_acf_changed":false,"inline_featured_image":false,"footnotes":""},"tags":[],"class_list":["post-2479","page","type-page","status-publish","hentry"],"acf":[],"aioseo_notices":[],"_links":{"self":[{"href":"https:\/\/stanstead.ca\/en\/wp-json\/wp\/v2\/pages\/2479","targetHints":{"allow":["GET"]}}],"collection":[{"href":"https:\/\/stanstead.ca\/en\/wp-json\/wp\/v2\/pages"}],"about":[{"href":"https:\/\/stanstead.ca\/en\/wp-json\/wp\/v2\/types\/page"}],"author":[{"embeddable":true,"href":"https:\/\/stanstead.ca\/en\/wp-json\/wp\/v2\/users\/2"}],"replies":[{"embeddable":true,"href":"https:\/\/stanstead.ca\/en\/wp-json\/wp\/v2\/comments?post=2479"}],"version-history":[{"count":0,"href":"https:\/\/stanstead.ca\/en\/wp-json\/wp\/v2\/pages\/2479\/revisions"}],"wp:attachment":[{"href":"https:\/\/stanstead.ca\/en\/wp-json\/wp\/v2\/media?parent=2479"}],"wp:term":[{"taxonomy":"post_tag","embeddable":true,"href":"https:\/\/stanstead.ca\/en\/wp-json\/wp\/v2\/tags?post=2479"}],"curies":[{"name":"wp","href":"https:\/\/api.w.org\/{rel}","templated":true}]}}