{"id":2525,"date":"2022-04-14T16:31:40","date_gmt":"2022-04-14T20:31:40","guid":{"rendered":"http:\/\/stanstead.ca\/residual-material\/"},"modified":"2025-03-31T13:19:38","modified_gmt":"2025-03-31T17:19:38","slug":"residual-material","status":"publish","type":"page","link":"https:\/\/stanstead.ca\/en\/residual-material\/","title":{"rendered":"Residual Materials"},"content":{"rendered":"\n<h2 class=\"wp-block-heading\">Collections<\/h2>\n\n\n\n<p>Since January 2021, the Town of Stanstead has proceeded with residual materials collection, offering this service internally as an extension of the public works team. We are proud of this initiative and also service the municipality of Ogden for their collection needs.<\/p>\n\n\n\n<div class=\"wp-block-columns is-layout-flex wp-container-core-columns-is-layout-9d6595d7 wp-block-columns-is-layout-flex\">\n<div class=\"wp-block-column is-layout-flow wp-block-column-is-layout-flow\" style=\"flex-basis:66.66%\">\n<h2 class=\"wp-block-heading\">How to position bins<\/h2>\n\n\n\n<p><strong>A misplaced bin = an unemptied bin<\/strong><\/p>\n\n\n\n<p>5 tips to remember :<\/p>\n\n\n\n<ul class=\"wp-block-list\">\n<li>Bins must be placed facing the street, with wheel towards the house<\/li>\n\n\n\n<li>The correct bin must be placed on the correct day<\/li>\n\n\n\n<li><strong>Black\/green = garbage<\/strong><\/li>\n\n\n\n<li><strong>Blue = recovery<\/strong><\/li>\n\n\n\n<li><strong>Brown = compost<\/strong><\/li>\n\n\n\n<li>Only square bins with wheels will be emptied<\/li>\n\n\n\n<li>Only the contents IN the bin will be picked up (no bags or piles next to bins)<\/li>\n\n\n\n<li>Bins must not be placed on sidewalks<\/li>\n<\/ul>\n<\/div>\n\n\n\n<div class=\"wp-block-column is-layout-flow wp-block-column-is-layout-flow\" style=\"flex-basis:33.33%\">\n<figure class=\"wp-block-image size-large is-resized\"><img fetchpriority=\"high\" decoding=\"async\" width=\"1024\" height=\"1024\" src=\"https:\/\/stanstead.ca\/wp-content\/uploads\/2023\/04\/2023-04-12-Bin-1024x1024.png\" alt=\"\" class=\"wp-image-7024\" style=\"width:423px;height:423px\" srcset=\"https:\/\/stanstead.ca\/wp-content\/uploads\/2023\/04\/2023-04-12-Bin-1024x1024.png 1024w, https:\/\/stanstead.ca\/wp-content\/uploads\/2023\/04\/2023-04-12-Bin-300x300.png 300w, https:\/\/stanstead.ca\/wp-content\/uploads\/2023\/04\/2023-04-12-Bin-150x150.png 150w, https:\/\/stanstead.ca\/wp-content\/uploads\/2023\/04\/2023-04-12-Bin-768x768.png 768w, https:\/\/stanstead.ca\/wp-content\/uploads\/2023\/04\/2023-04-12-Bin.png 1080w\" sizes=\"(max-width: 1024px) 100vw, 1024px\" \/><\/figure>\n<\/div>\n<\/div>\n\n\n\n<h2 class=\"wp-block-heading\">Compliant bins<\/h2>\n\n\n\n<p>Consult this <a href=\"https:\/\/stanstead.ca\/wp-content\/uploads\/2022\/04\/Fiche_bacs-conformes_FR.pdf\">document<\/a> to see which bins are accepted.<\/p>\n\n\n\n<h2 class=\"wp-block-heading\">Bin replacement parts<\/h2>\n\n\n\n<p><br>1\u202f017&nbsp;\/&nbsp;5\u202f000<\/p>\n\n\n\n<h2 class=\"wp-block-heading\" id=\"ucj-12\">R\u00e9sultats de traduction<\/h2>\n\n\n\n<h3 class=\"wp-block-heading\">R\u00e9sultat de traduction<\/h3>\n\n\n\n<p>Blue bin: Place your order with the municipality. Specify that the ordering, delivery, and repair service (bin and parts) are now free. Blue bins are not the property of residents; therefore, it is prohibited to alter them in any way, and they must remain on site during a move.The bins used for the collection of residual materials (garbage, recycling, compost) belong to individual citizens and citizens are responsible for bin condition and maintenance.<\/p>\n\n\n\n<p><strong>The Town of Stanstead has some parts available in inventory and available to citizens for the most recent bin models, but fees do apply. <\/strong>Replacement parts are sold at cost and the price list is updated according to the supplier&#8217;s pricing. <\/p>\n\n\n\n<p>If you have an older model bin and we no longer have parts available in our inventory,<strong>we invite you to contact the bin supplier directly: <a href=\"https:\/\/www.usdglobal.com\/\" title=\"www.usdglobal.com\">www.usdglobal.com<\/a><\/strong>. <\/p>\n\n\n\n<p>In case of breakage or if you need a new bin, contact the municipality. If you wish, you can add the link to the order form for residents: <a href=\"https:\/\/www.reparemonbac.ca\/mrc_memph_recy\">https:\/\/www.reparemonbac.ca\/mrc_memph_recy<\/a><\/p>\n\n\n\n<h2 class=\"wp-block-heading\">Contents of the bins<\/h2>\n\n\n\n<p>But\u2026<strong><a href=\"http:\/\/www.recupestrie.com\/wp-content\/uploads\/2022\/01\/Liste_matieres_recyclages_22_01_13.pdf\" title=\"\">WHERE DOES IT GO<\/a><\/strong> ? BLACK BIN \u2013 BLUE BIN \u2013 BROWN BIN ? (document in French only)<\/p>\n\n\n\n<p>We know it can be a hassle to know which bin to put items in. The MRC of Memphremagog has created a great tool to answer citizens&#8217; questions regarding the placement of waste in the bins.<\/p>\n\n\n\n<hr class=\"wp-block-separator has-alpha-channel-opacity\"\/>\n\n\n\n<div class=\"wp-block-media-text alignwide is-stacked-on-mobile\" style=\"grid-template-columns:22% auto\"><figure class=\"wp-block-media-text__media\"><img decoding=\"async\" width=\"201\" height=\"28\" src=\"https:\/\/stanstead.ca\/wp-content\/uploads\/2022\/04\/ABC-des-bacs.png\" alt=\"\" class=\"wp-image-1701 size-full\"\/><\/figure><div class=\"wp-block-media-text__content\">\n<p class=\"has-medium-font-size\">Website: <a href=\"https:\/\/abcdesbacs.com\/\" target=\"_blank\" rel=\"noreferrer noopener\"><strong>ABC des bacs<\/strong><\/a><\/p>\n\n\n\n<p><\/p>\n<\/div><\/div>\n\n\n\n<hr class=\"wp-block-separator has-alpha-channel-opacity\"\/>\n\n\n\n<h3 class=\"wp-block-heading\"><strong>Items not allowed in the bins<\/strong><\/h3>\n\n\n\n<p>These items should not be placed in the bins. They must be recycled at the ecocenter or at a specialized retailer. <\/p>\n\n\n<div id=\"lm-icon-txt-block_05e356f24fc8e7559e13150d4a4be935\" class=\"lm-icon-txt lm-icon-txt\">\r\n\t<div><img decoding=\"async\" src=\"https:\/\/stanstead.ca\/wp-content\/uploads\/2022\/04\/Aerosol.svg\" alt=\"\"><\/div>\r\n\t<div><h3>Ecocentre<\/h3>(1095 Bilodeau way, Coaticook | 819-849-9479)<\/div>\r\n<\/div>\n\n<div id=\"lm-icon-txt-block_6d6d49d80edb7176263bfc5a57004c77\" class=\"lm-icon-txt lm-icon-txt\">\r\n\t<div><img decoding=\"async\" src=\"https:\/\/stanstead.ca\/wp-content\/uploads\/2022\/04\/Ampoule.svg\" alt=\"\"><\/div>\r\n\t<div><h3>Stanstead Renovation Centre<\/h3>(8, Principale street, Stanstead, QC | 819 876-2706)<\/div>\r\n<\/div>\n\n<div id=\"lm-icon-txt-block_01818825ee129d90f8ddee0268098dd1\" class=\"lm-icon-txt lm-icon-txt\">\r\n\t<div><img decoding=\"async\" src=\"https:\/\/stanstead.ca\/wp-content\/uploads\/2022\/04\/Appareil-electrique.svg\" alt=\"\"><\/div>\r\n\t<div><h3>La Ressourcerie<\/h3>(177, Cutting street, Coaticook | 1-855-804-1018)<\/div>\r\n<\/div>\n\n<div id=\"lm-icon-txt-block_f7a10afcf95fcbafb0480ac744256dcf\" class=\"lm-icon-txt lm-icon-txt\">\r\n\t<div><img decoding=\"async\" src=\"https:\/\/stanstead.ca\/wp-content\/uploads\/2022\/04\/Appareil-electronique.svg\" alt=\"\"><\/div>\r\n\t<div><h3>ASR Informatique<\/h3>(9 Passenger Street, Stanstead | 819 876-1434)<\/div>\r\n<\/div>\n\n<div id=\"lm-icon-txt-block_2a050b0b3d5c657459cb586cc296e8a0\" class=\"lm-icon-txt lm-icon-txt\">\r\n\t<div><img decoding=\"async\" src=\"https:\/\/stanstead.ca\/wp-content\/uploads\/2022\/04\/Batterie-auto.svg\" alt=\"\"><\/div>\r\n\t<div><h3>Garage LP<\/h3>(2 Junction Street, Stanstead | 819 876-5242)<\/div>\r\n<\/div>\n\n<div id=\"lm-icon-txt-block_a6ce6f03bd905c5edd2ecdb1d4af13d9\" class=\"lm-icon-txt lm-icon-txt\">\r\n\t<div><img decoding=\"async\" src=\"https:\/\/stanstead.ca\/wp-content\/uploads\/2022\/04\/Bonbonnes-de-propane.svg\" alt=\"\"><\/div>\r\n\t<div><h3>Ecocentre<\/h3>(1095 Bilodeau way, Coaticook | 819-849-9479)<\/div>\r\n<\/div>\n\n<div id=\"lm-icon-txt-block_c9f839bda7915c6e79c03617f9ff38c2\" class=\"lm-icon-txt lm-icon-txt\">\r\n\t<div><img decoding=\"async\" src=\"https:\/\/stanstead.ca\/wp-content\/uploads\/2022\/04\/Bouteille-vitre.svg\" alt=\"\"><\/div>\r\n\t<div><h3>Container next to the March\u00e9 Tradition<\/h3>(14, Fairfax way, Stanstead)<\/div>\r\n<\/div>\n\n<div id=\"lm-icon-txt-block_2d642709a9b5a04b94cc9705a426abc4\" class=\"lm-icon-txt lm-icon-txt\">\r\n\t<div><img decoding=\"async\" src=\"https:\/\/stanstead.ca\/wp-content\/uploads\/2022\/04\/Huiles-usees.svg\" alt=\"\"><\/div>\r\n\t<div><h3>Garage LP<\/h3>(2 Junction Street, Stanstead | 819 876-5242) or Ecocentre (1095 Bilodeau Road, Coaticook | 819-849-9479)<\/div>\r\n<\/div>\n\n<div id=\"lm-icon-txt-block_7d7ca92019e8b1e368a70614134de55a\" class=\"lm-icon-txt lm-icon-txt\">\r\n\t<div><img decoding=\"async\" src=\"https:\/\/stanstead.ca\/wp-content\/uploads\/2022\/04\/Materiaux-de-construction.svg\" alt=\"\"><\/div>\r\n\t<div><h3>Ecocentre<\/h3>(1095 Bilodeau way, Coaticook | 819-849-9479)<\/div>\r\n<\/div>\n\n<div id=\"lm-icon-txt-block_2356be00138e3a576ecf7cfbac74690e\" class=\"lm-icon-txt lm-icon-txt\">\r\n\t<div><img decoding=\"async\" src=\"https:\/\/stanstead.ca\/wp-content\/uploads\/2022\/04\/Medicaments-perimes.svg\" alt=\"\"><\/div>\r\n\t<div><h3>Familiprix of Stanstead<\/h3>(23 Notre-Dame Blvd W., Stanstead | 819 876-5811)<\/div>\r\n<\/div>\n\n<div id=\"lm-icon-txt-block_5f98ee630c4b8950d1745f133838a663\" class=\"lm-icon-txt lm-icon-txt\">\r\n\t<div><img decoding=\"async\" src=\"https:\/\/stanstead.ca\/wp-content\/uploads\/2022\/04\/Peinture.svg\" alt=\"\"><\/div>\r\n\t<div><h3> Ecocentre (1095 Bilodeau Road, Coaticook | 819-849-9479)<\/div>\r\n<\/div>\n\n<div id=\"lm-icon-txt-block_e24ba41a0a120fdbb3b4377445668329\" class=\"lm-icon-txt lm-icon-txt\">\r\n\t<div><img decoding=\"async\" src=\"https:\/\/stanstead.ca\/wp-content\/uploads\/2022\/04\/Piles.svg\" alt=\"\"><\/div>\r\n\t<div><h3>Stanstead Renovation Centre<\/h3>(8, Principale street, Stanstead, QC | 819 876-2706) or Ecocentre (1095 Bilodeau Road, Coaticook | 819-849-9479)<\/div>\r\n<\/div>\n\n<div id=\"lm-icon-txt-block_877d6455febc9bfc8bd868c8b4a13c46\" class=\"lm-icon-txt lm-icon-txt\">\r\n\t<div><img decoding=\"async\" src=\"https:\/\/stanstead.ca\/wp-content\/uploads\/2022\/04\/Pneus.svg\" alt=\"\"><\/div>\r\n\t<div><h3>Garage LP<\/h3>(2 Junction Street, Stanstead | 819 876-5242)<\/div>\r\n<\/div>\n\n\n<h2 class=\"wp-block-heading\">Ecocentre<\/h2>\n\n\n\n<div class=\"wp-block-media-text alignwide is-stacked-on-mobile\" style=\"grid-template-columns:26% auto\"><figure class=\"wp-block-media-text__media\"><img decoding=\"async\" width=\"250\" height=\"132\" src=\"https:\/\/stanstead.ca\/wp-content\/uploads\/2022\/04\/logo-RIGDSC.png\" alt=\"\" class=\"wp-image-1703 size-full\"\/><\/figure><div class=\"wp-block-media-text__content\">\n<p class=\"has-medium-font-size\">The Town of Stanstead is a member of the R\u00e9gie intermunicipale de gestion des d\u00e9chets solides de la r\u00e9gion de Coaticook (RIGDSC) and is served by the ecocentre located at: 1095 Bilodeau Road in Coaticook.<\/p>\n<\/div><\/div>\n\n\n\n<p><a href=\"http:\/\/www.enfouissementcoaticook.com\/\" target=\"_blank\" rel=\"noreferrer noopener\">Internet website<\/a><\/p>\n\n\n\n<p><a href=\"https:\/\/stanstead.ca\/wp-content\/uploads\/2023\/01\/CALENDRIER-RIGDSC-2023-PDF.pdf\" title=\"\">2023 Calendar<\/a><\/p>\n\n\n\n<p>For more information on the items accepted at the Ecocenter, click <a href=\"https:\/\/stanstead.ca\/wp-content\/uploads\/2023\/01\/2023-01-25-Ecocentre-tarifs-2023.pdf\" title=\"\">here<\/a>.<\/p>\n","protected":false},"excerpt":{"rendered":"<p>Collections Since January 2021, the Town of Stanstead has proceeded with residual materials collection, offering this service internally as an extension of the public works team. We are proud of [&hellip;]<\/p>\n","protected":false},"author":2,"featured_media":0,"parent":0,"menu_order":0,"comment_status":"closed","ping_status":"closed","template":"","meta":{"_acf_changed":false,"inline_featured_image":false,"footnotes":""},"tags":[],"class_list":["post-2525","page","type-page","status-publish","hentry"],"acf":[],"aioseo_notices":[],"_links":{"self":[{"href":"https:\/\/stanstead.ca\/en\/wp-json\/wp\/v2\/pages\/2525","targetHints":{"allow":["GET"]}}],"collection":[{"href":"https:\/\/stanstead.ca\/en\/wp-json\/wp\/v2\/pages"}],"about":[{"href":"https:\/\/stanstead.ca\/en\/wp-json\/wp\/v2\/types\/page"}],"author":[{"embeddable":true,"href":"https:\/\/stanstead.ca\/en\/wp-json\/wp\/v2\/users\/2"}],"replies":[{"embeddable":true,"href":"https:\/\/stanstead.ca\/en\/wp-json\/wp\/v2\/comments?post=2525"}],"version-history":[{"count":1,"href":"https:\/\/stanstead.ca\/en\/wp-json\/wp\/v2\/pages\/2525\/revisions"}],"predecessor-version":[{"id":10128,"href":"https:\/\/stanstead.ca\/en\/wp-json\/wp\/v2\/pages\/2525\/revisions\/10128"}],"wp:attachment":[{"href":"https:\/\/stanstead.ca\/en\/wp-json\/wp\/v2\/media?parent=2525"}],"wp:term":[{"taxonomy":"post_tag","embeddable":true,"href":"https:\/\/stanstead.ca\/en\/wp-json\/wp\/v2\/tags?post=2525"}],"curies":[{"name":"wp","href":"https:\/\/api.w.org\/{rel}","templated":true}]}}