{"id":2539,"date":"2022-02-07T22:09:33","date_gmt":"2022-02-08T03:09:33","guid":{"rendered":"http:\/\/stanstead.ca\/faq\/"},"modified":"2023-08-03T18:32:00","modified_gmt":"2023-08-03T22:32:00","slug":"faq","status":"publish","type":"page","link":"https:\/\/stanstead.ca\/en\/faq\/","title":{"rendered":"FAQ"},"content":{"rendered":"\n<p class=\"has-large-font-size\"><strong>FREQUENTLY ASKED QUESTIONS (FAQ)<\/strong><\/p>\n\n\n\n<p>Our team has compiled a list of some our most frequently asked questions. If you can&#8217;t find the answer to your question in the following list, please contact us at: <a href=\"mailto:info@stanstead.ca\">info@stanstead.ca<\/a>or 819 876-7181. <\/p>\n\n\n<div class=\"lm-accordion\">\r\n\t\t\t<div class=\"lm-single-accordion\">\r\n\t\t\t<button type=\"button\" class=\"\">\r\n\t\t\t\t<span>WHAT ARE THE TOWN HALL OPENING HOURS?<\/span>\r\n\t\t\t\t<svg aria-hidden=\"true\" focusable=\"false\" xmlns=\"http:\/\/www.w3.org\/2000\/svg\" viewBox=\"0 0 448 512\"><path d=\"M441.9 167.3l-19.8-19.8c-4.7-4.7-12.3-4.7-17 0L224 328.2 42.9 147.5c-4.7-4.7-12.3-4.7-17 0L6.1 167.3c-4.7 4.7-4.7 12.3 0 17l209.4 209.4c4.7 4.7 12.3 4.7 17 0l209.4-209.4c4.7-4.7 4.7-12.3 0-17z\"><\/path><\/svg>\r\n\t\t\t<\/button>\r\n\t\t\t<div id=\"what-are-the-town-hall-opening-hours-0\" class=\"accordion-anchor\"><\/div>\r\n\t\t\t<div class=\"lm-contenu-accordion\" style=\"display:none\">\r\n\t\t\t\t<p><strong>For the summer period, reception services are as follows:<\/strong><\/p>\n<p>Monday &#8211; Wednesday: 9 am &#8211; noon | 12:30 pm &#8211; 4:30 pm<\/p>\n<p>Thursday: 9 am &#8211; noon | 1:00 pm &#8211; 4:30 pm<\/p>\n<p>Friday: 9 am &#8211; noon<\/p>\n<p>To meet with another member of the municipal team, we ask that you make an appointment directly with that professional.<\/p>\n<p>If you stop by without an appointment, the person may not be available to see you.<\/p>\n<p><strong><a href=\"https:\/\/stanstead.ca\/en\/administrative-team\/\">Administrative Team<\/a><\/strong><\/p>\n\t\t\t<\/div>\r\n\t\t<\/div>\r\n\t\t\t<div class=\"lm-single-accordion\">\r\n\t\t\t<button type=\"button\" class=\"\">\r\n\t\t\t\t<span>WHAT PAYMENT METHODS ARE ACCEPTED?<\/span>\r\n\t\t\t\t<svg aria-hidden=\"true\" focusable=\"false\" xmlns=\"http:\/\/www.w3.org\/2000\/svg\" viewBox=\"0 0 448 512\"><path d=\"M441.9 167.3l-19.8-19.8c-4.7-4.7-12.3-4.7-17 0L224 328.2 42.9 147.5c-4.7-4.7-12.3-4.7-17 0L6.1 167.3c-4.7 4.7-4.7 12.3 0 17l209.4 209.4c4.7 4.7 12.3 4.7 17 0l209.4-209.4c4.7-4.7 4.7-12.3 0-17z\"><\/path><\/svg>\r\n\t\t\t<\/button>\r\n\t\t\t<div id=\"what-payment-methods-are-accepted-1\" class=\"accordion-anchor\"><\/div>\r\n\t\t\t<div class=\"lm-contenu-accordion\" style=\"display:none\">\r\n\t\t\t\t<p>When making payments in-person at Town Hall, we offer the possibility of paying invoices by cash, check, debit card and credit card.<\/p>\n<p>If, however, you prefer to make payments remotely, our website now offers the possibility to pay by credit card and most institutions offer online payment via their bill payment platform.<\/p>\n<p><strong><a href=\"https:\/\/stanstead.ca\/en\/forms\/online-payment\/\">Online payment form<\/a><\/strong><\/p>\n\t\t\t<\/div>\r\n\t\t<\/div>\r\n\t\t\t<div class=\"lm-single-accordion\">\r\n\t\t\t<button type=\"button\" class=\"\">\r\n\t\t\t\t<span>WHEN ARE THE WASTE, RECYCLING AND COMPOST COLLECTIONS?<\/span>\r\n\t\t\t\t<svg aria-hidden=\"true\" focusable=\"false\" xmlns=\"http:\/\/www.w3.org\/2000\/svg\" viewBox=\"0 0 448 512\"><path d=\"M441.9 167.3l-19.8-19.8c-4.7-4.7-12.3-4.7-17 0L224 328.2 42.9 147.5c-4.7-4.7-12.3-4.7-17 0L6.1 167.3c-4.7 4.7-4.7 12.3 0 17l209.4 209.4c4.7 4.7 12.3 4.7 17 0l209.4-209.4c4.7-4.7 4.7-12.3 0-17z\"><\/path><\/svg>\r\n\t\t\t<\/button>\r\n\t\t\t<div id=\"when-are-the-waste-recycling-and-compost-collections-2\" class=\"accordion-anchor\"><\/div>\r\n\t\t\t<div class=\"lm-contenu-accordion\" style=\"display:none\">\r\n\t\t\t\t<p>The Town of Stanstead publishes a collection calendar to make it easier for you to organize your collection and stay ahead of your neighbors!<\/p>\n<p>Consult the calendar for the current year, <a href=\"http:\/\/stanstead.ca\/wp-content\/uploads\/2022\/04\/2022-calendrier-collectes_V3.pdf\" target=\"_blank\" rel=\"noopener\"><strong>here.<\/strong><\/a><\/p>\n\t\t\t<\/div>\r\n\t\t<\/div>\r\n\t\t\t<div class=\"lm-single-accordion\">\r\n\t\t\t<button type=\"button\" class=\"\">\r\n\t\t\t\t<span>HOW DO I GET RID OF BIG, BULKY ITEMS?<\/span>\r\n\t\t\t\t<svg aria-hidden=\"true\" focusable=\"false\" xmlns=\"http:\/\/www.w3.org\/2000\/svg\" viewBox=\"0 0 448 512\"><path d=\"M441.9 167.3l-19.8-19.8c-4.7-4.7-12.3-4.7-17 0L224 328.2 42.9 147.5c-4.7-4.7-12.3-4.7-17 0L6.1 167.3c-4.7 4.7-4.7 12.3 0 17l209.4 209.4c4.7 4.7 12.3 4.7 17 0l209.4-209.4c4.7-4.7 4.7-12.3 0-17z\"><\/path><\/svg>\r\n\t\t\t<\/button>\r\n\t\t\t<div id=\"how-do-i-get-rid-of-big-bulky-items-3\" class=\"accordion-anchor\"><\/div>\r\n\t\t\t<div class=\"lm-contenu-accordion\" style=\"display:none\">\r\n\t\t\t\t<p>The Town of Stanstead is a member of the <a href=\"https:\/\/www.ressourceriedesfrontieres.com\/\">Ressourcerie des Fronti\u00e8res<\/a>, an organization located in Coaticook that recovers and recycles objects.<\/p>\n<p>La Ressourcerie offers a collection service at home. Simply fill out the online form to make an appointment.<\/p>\n<p>Please note that the wait time can be several weeks, depending on how busy the collection service is.<\/p>\n<p><a href=\"https:\/\/www.ressourceriedesfrontieres.com\/services\/collecte.php\" target=\"_blank\" rel=\"noopener\"><strong>Online form<\/strong><\/a>__________________<\/p>\n<p>If your waste includes construction materials or waste from a renovation project, you must bring it to the Ecocentre.<\/p>\n<p>La Ville de Stanstead est desservie par la <a href=\"http:\/\/www.enfouissementcoaticook.com\/\">R\u00e9gie intermunicipale de gestion des d\u00e9chets de la r\u00e9gion de Coaticook<\/a> situ\u00e9e \u00e0 Barnston-Ouest.<\/p>\n<p><strong><a href=\"http:\/\/www.enfouissementcoaticook.com\/nous-joindre\/\" target=\"_blank\" rel=\"noopener\">Information<\/a><\/strong><\/p>\n\t\t\t<\/div>\r\n\t\t<\/div>\r\n\t\t\t<div class=\"lm-single-accordion\">\r\n\t\t\t<button type=\"button\" class=\"\">\r\n\t\t\t\t<span>IN AN EMERGENCY, HOW DO I REACH THE PUBLIC WORKS TEAM?<\/span>\r\n\t\t\t\t<svg aria-hidden=\"true\" focusable=\"false\" xmlns=\"http:\/\/www.w3.org\/2000\/svg\" viewBox=\"0 0 448 512\"><path d=\"M441.9 167.3l-19.8-19.8c-4.7-4.7-12.3-4.7-17 0L224 328.2 42.9 147.5c-4.7-4.7-12.3-4.7-17 0L6.1 167.3c-4.7 4.7-4.7 12.3 0 17l209.4 209.4c4.7 4.7 12.3 4.7 17 0l209.4-209.4c4.7-4.7 4.7-12.3 0-17z\"><\/path><\/svg>\r\n\t\t\t<\/button>\r\n\t\t\t<div id=\"in-an-emergency-how-do-i-reach-the-public-works-team-4\" class=\"accordion-anchor\"><\/div>\r\n\t\t\t<div class=\"lm-contenu-accordion\" style=\"display:none\">\r\n\t\t\t\t<p>In the event of a water main break or other emergency of this nature, contact Town Hall during business hours. If the emergency occurs on a weekend or outside of regular business hours, please call 819-876-7181 and press * to reach the on-call service.<\/p>\n\t\t\t<\/div>\r\n\t\t<\/div>\r\n\t\t\t<div class=\"lm-single-accordion\">\r\n\t\t\t<button type=\"button\" class=\"\">\r\n\t\t\t\t<span>WHAT DO I IF THE WATER IS CLOUDY?<\/span>\r\n\t\t\t\t<svg aria-hidden=\"true\" focusable=\"false\" xmlns=\"http:\/\/www.w3.org\/2000\/svg\" viewBox=\"0 0 448 512\"><path d=\"M441.9 167.3l-19.8-19.8c-4.7-4.7-12.3-4.7-17 0L224 328.2 42.9 147.5c-4.7-4.7-12.3-4.7-17 0L6.1 167.3c-4.7 4.7-4.7 12.3 0 17l209.4 209.4c4.7 4.7 12.3 4.7 17 0l209.4-209.4c4.7-4.7 4.7-12.3 0-17z\"><\/path><\/svg>\r\n\t\t\t<\/button>\r\n\t\t\t<div id=\"what-do-i-if-the-water-is-cloudy-5\" class=\"accordion-anchor\"><\/div>\r\n\t\t\t<div class=\"lm-contenu-accordion\" style=\"display:none\">\r\n\t\t\t\t<p>Several factors can cause water clouding, but does not mean that there is a danger.<\/p>\n<p>When your water changes color or if there is an abnormal odor, let it run for 30 to 60 seconds. Usually, the water becomes clear and the odor passes.<\/p>\n<p>If you have concerns about the safety of your drinking water, <a href=\"https:\/\/stanstead.ca\/en\/news\/\">Latest news section <\/a>of our website or the Town of Stanstead <a href=\"https:\/\/www.facebook.com\/villedestanstead\">Facebook page<\/a>. We publish boil water advisories or any other information concerning citizens and the safety of the water system on these platforms.<\/p>\n\t\t\t<\/div>\r\n\t\t<\/div>\r\n\t\t\t<div class=\"lm-single-accordion\">\r\n\t\t\t<button type=\"button\" class=\"\">\r\n\t\t\t\t<span>CAN I PUSH SNOW INTO THE STREET?<\/span>\r\n\t\t\t\t<svg aria-hidden=\"true\" focusable=\"false\" xmlns=\"http:\/\/www.w3.org\/2000\/svg\" viewBox=\"0 0 448 512\"><path d=\"M441.9 167.3l-19.8-19.8c-4.7-4.7-12.3-4.7-17 0L224 328.2 42.9 147.5c-4.7-4.7-12.3-4.7-17 0L6.1 167.3c-4.7 4.7-4.7 12.3 0 17l209.4 209.4c4.7 4.7 12.3 4.7 17 0l209.4-209.4c4.7-4.7 4.7-12.3 0-17z\"><\/path><\/svg>\r\n\t\t\t<\/button>\r\n\t\t\t<div id=\"can-i-push-snow-into-the-street-6\" class=\"accordion-anchor\"><\/div>\r\n\t\t\t<div class=\"lm-contenu-accordion\" style=\"display:none\">\r\n\t\t\t\t<p><strong>NO.<\/strong> We know it&#8217;s tempting to want to push the snow into the street, but it must stay on your property.<\/p>\n<p>This is true for the snow in your driveway, your walkways and even the snow that is pushed onto your property by the snow plow.<\/p>\n<p>Snow is an inconvenience we all must deal with during the winter and your collaboration is essential in order for our team to clear snow adequately from the streets and be able to continue to offer other services to citizens as well.<\/p>\n\t\t\t<\/div>\r\n\t\t<\/div>\r\n\t\t\t<div class=\"lm-single-accordion\">\r\n\t\t\t<button type=\"button\" class=\"\">\r\n\t\t\t\t<span>WHAT ARE THE DEADLINES FOR THE MUNICIPAL NEWSLETTER?<\/span>\r\n\t\t\t\t<svg aria-hidden=\"true\" focusable=\"false\" xmlns=\"http:\/\/www.w3.org\/2000\/svg\" viewBox=\"0 0 448 512\"><path d=\"M441.9 167.3l-19.8-19.8c-4.7-4.7-12.3-4.7-17 0L224 328.2 42.9 147.5c-4.7-4.7-12.3-4.7-17 0L6.1 167.3c-4.7 4.7-4.7 12.3 0 17l209.4 209.4c4.7 4.7 12.3 4.7 17 0l209.4-209.4c4.7-4.7 4.7-12.3 0-17z\"><\/path><\/svg>\r\n\t\t\t<\/button>\r\n\t\t\t<div id=\"what-are-the-deadlines-for-the-municipal-newsletter-7\" class=\"accordion-anchor\"><\/div>\r\n\t\t\t<div class=\"lm-contenu-accordion\" style=\"display:none\">\r\n\t\t\t\t<p>The municipal newsletter, <em>The Stagecoach<\/em>, is published once a month.<\/p>\n<p>The distribution is generally completed the Friday following the monthly municipal council session.<\/p>\n<p>The deadline for submitting publications is generally 2 weeks before the publication date.<\/p>\n<p>View previous editions of <strong><a href=\"https:\/\/stanstead.ca\/en\/municipal-newsletter-the-stagecoach\/\">The Stagecoach<\/a><\/strong>.<\/p>\n<p>A list of deadlines and publication dates for the current year is available <a href=\"http:\/\/stanstead.ca\/wp-content\/uploads\/2022\/05\/LA-DILIGENCE-publications-2022.pdf\" target=\"_blank\" rel=\"noopener\"><strong>here.<\/strong><\/a><\/p>\n\t\t\t<\/div>\r\n\t\t<\/div>\r\n\t\t\t<div class=\"lm-single-accordion\">\r\n\t\t\t<button type=\"button\" class=\"\">\r\n\t\t\t\t<span>HOW DO I GET A PERMIT AND HOW LONG WILL IT TAKE?<\/span>\r\n\t\t\t\t<svg aria-hidden=\"true\" focusable=\"false\" xmlns=\"http:\/\/www.w3.org\/2000\/svg\" viewBox=\"0 0 448 512\"><path d=\"M441.9 167.3l-19.8-19.8c-4.7-4.7-12.3-4.7-17 0L224 328.2 42.9 147.5c-4.7-4.7-12.3-4.7-17 0L6.1 167.3c-4.7 4.7-4.7 12.3 0 17l209.4 209.4c4.7 4.7 12.3 4.7 17 0l209.4-209.4c4.7-4.7 4.7-12.3 0-17z\"><\/path><\/svg>\r\n\t\t\t<\/button>\r\n\t\t\t<div id=\"how-do-i-get-a-permit-and-how-long-will-it-take-8\" class=\"accordion-anchor\"><\/div>\r\n\t\t\t<div class=\"lm-contenu-accordion\" style=\"display:none\">\r\n\t\t\t\t<p>A very important step before moving forward with the planning of a project is the permit application. You may complete the request <strong><a href=\"https:\/\/stanstead.ca\/en\/forms\/application-for-a-permit\/\">directly online<\/a><\/strong>or pass by Town Hall in order to complete a paper copy of the form.<\/p>\n<p>It is important to plan your construction or renovation projects in advance and to contact us as soon as possible when you begin thinking about this kind of work.<\/p>\n<p>The lead time for receiving your permit can vary depending on the season, the number of requests already being processed, the complexity of the file, etc.<\/p>\n<p><strong>Planning for a three (3) week minimum delay is advisable.<\/strong> Delays rarely surpass 30 days, however in the context of the current labour shortage, delays may sometimes be a bit longer.<\/p>\n<p>We encourage you to contact our team as soon as possible in order to start the steps to obtaining your permit.<\/p>\n\t\t\t<\/div>\r\n\t\t<\/div>\r\n\t\t\t<div class=\"lm-single-accordion\">\r\n\t\t\t<button type=\"button\" class=\"\">\r\n\t\t\t\t<span>CAN I HAVE LAYING HENS IN STANSTEAD?<\/span>\r\n\t\t\t\t<svg aria-hidden=\"true\" focusable=\"false\" xmlns=\"http:\/\/www.w3.org\/2000\/svg\" viewBox=\"0 0 448 512\"><path d=\"M441.9 167.3l-19.8-19.8c-4.7-4.7-12.3-4.7-17 0L224 328.2 42.9 147.5c-4.7-4.7-12.3-4.7-17 0L6.1 167.3c-4.7 4.7-4.7 12.3 0 17l209.4 209.4c4.7 4.7 12.3 4.7 17 0l209.4-209.4c4.7-4.7 4.7-12.3 0-17z\"><\/path><\/svg>\r\n\t\t\t<\/button>\r\n\t\t\t<div id=\"can-i-have-laying-hens-in-stanstead-9\" class=\"accordion-anchor\"><\/div>\r\n\t\t\t<div class=\"lm-contenu-accordion\" style=\"display:none\">\r\n\t\t\t\t<p>The short answer is, \u00ab yes \u00bb. However, this still depends on various factors.<\/p>\n<p>First of all, you must confirm that your home is in a sector where laying hens are allowed AND that the area of your land is adequate to welcome these feathered friends.<\/p>\n<p>We have prepared a few tools in order to help you plan your project:<\/p>\n<ul>\n<li><a href=\"https:\/\/stanstead.ca\/wp-content\/uploads\/2022\/04\/Poules-Guide.pdf\">Guide<\/a><\/li>\n<li><a href=\"https:\/\/stanstead.ca\/wp-content\/uploads\/2022\/04\/Poules-FAQ.pdf\">FAQ<\/a><\/li>\n<li><a href=\"https:\/\/stanstead.ca\/wp-content\/uploads\/2022\/04\/Poules.pdf\">Brochure<\/a><\/li>\n<\/ul>\n\t\t\t<\/div>\r\n\t\t<\/div>\r\n\t\t\t<div class=\"lm-single-accordion\">\r\n\t\t\t<button type=\"button\" class=\"\">\r\n\t\t\t\t<span>TO WHOM SHOULD I ADDRESS A REQUEST OR COMPLAINT?<\/span>\r\n\t\t\t\t<svg aria-hidden=\"true\" focusable=\"false\" xmlns=\"http:\/\/www.w3.org\/2000\/svg\" viewBox=\"0 0 448 512\"><path d=\"M441.9 167.3l-19.8-19.8c-4.7-4.7-12.3-4.7-17 0L224 328.2 42.9 147.5c-4.7-4.7-12.3-4.7-17 0L6.1 167.3c-4.7 4.7-4.7 12.3 0 17l209.4 209.4c4.7 4.7 12.3 4.7 17 0l209.4-209.4c4.7-4.7 4.7-12.3 0-17z\"><\/path><\/svg>\r\n\t\t\t<\/button>\r\n\t\t\t<div id=\"to-whom-should-i-address-a-request-or-complaint-10\" class=\"accordion-anchor\"><\/div>\r\n\t\t\t<div class=\"lm-contenu-accordion\" style=\"display:none\">\r\n\t\t\t\t<p>Generally speaking, if the nature of the request is administrative, that is, it involves the daily tasks of municipal employees, you should file your request or complaint directly with our municipal office.<\/p>\n<p>We have created a system for submitting requests, situation reports or complaints directly online. Or you may call Town Hall and the receptionist will inform you on the proper steps to take.<\/p>\n<p><a href=\"https:\/\/stanstead.ca\/en\/forms\/\">See online forms<\/a><\/p>\n<p>If the request is of a political nature, please contact the mayor, Mr. Jody Stone by email at: <a href=\"mailto:maire@stanstead.ca\">maire@stanstead.ca .<\/a><\/p>\n\t\t\t<\/div>\r\n\t\t<\/div>\r\n\t<\/div>","protected":false},"excerpt":{"rendered":"<p>We will try to answer your questions!<\/p>\n","protected":false},"author":2,"featured_media":0,"parent":0,"menu_order":0,"comment_status":"closed","ping_status":"closed","template":"","meta":{"_acf_changed":false,"inline_featured_image":false,"footnotes":""},"tags":[14],"class_list":["post-2539","page","type-page","status-publish","hentry","tag-questions-en"],"acf":[],"aioseo_notices":[],"_links":{"self":[{"href":"https:\/\/stanstead.ca\/en\/wp-json\/wp\/v2\/pages\/2539","targetHints":{"allow":["GET"]}}],"collection":[{"href":"https:\/\/stanstead.ca\/en\/wp-json\/wp\/v2\/pages"}],"about":[{"href":"https:\/\/stanstead.ca\/en\/wp-json\/wp\/v2\/types\/page"}],"author":[{"embeddable":true,"href":"https:\/\/stanstead.ca\/en\/wp-json\/wp\/v2\/users\/2"}],"replies":[{"embeddable":true,"href":"https:\/\/stanstead.ca\/en\/wp-json\/wp\/v2\/comments?post=2539"}],"version-history":[{"count":0,"href":"https:\/\/stanstead.ca\/en\/wp-json\/wp\/v2\/pages\/2539\/revisions"}],"wp:attachment":[{"href":"https:\/\/stanstead.ca\/en\/wp-json\/wp\/v2\/media?parent=2539"}],"wp:term":[{"taxonomy":"post_tag","embeddable":true,"href":"https:\/\/stanstead.ca\/en\/wp-json\/wp\/v2\/tags?post=2539"}],"curies":[{"name":"wp","href":"https:\/\/api.w.org\/{rel}","templated":true}]}}