{"id":7112,"date":"2023-04-20T13:00:12","date_gmt":"2023-04-20T17:00:12","guid":{"rendered":"https:\/\/stanstead.ca\/hazardous-household-waste\/"},"modified":"2023-04-24T13:54:32","modified_gmt":"2023-04-24T17:54:32","slug":"hazardous-household-waste","status":"publish","type":"page","link":"https:\/\/stanstead.ca\/en\/hazardous-household-waste\/","title":{"rendered":"Hazardous Household Waste"},"content":{"rendered":"\n<h2 class=\"wp-block-heading\">Hazardous Household Waste (HDD)<\/h2>\n\n\n\n<p><strong>What does \u00ab <em>hazardous household waste<\/em>\u00bb or HHD mean?<\/strong><\/p>\n\n\n\n<p>Dangerous products are characterized by the following properties:<\/p>\n\n\n\n<p>\u2623\ufe0f Corrosive: products the destroy, decay or burn materials as well as skin. (ex. car batteries).<\/p>\n\n\n\n<p>\ud83d\udd25 Flammable: products that easily catch fire and burn intensely. (ex. lighter fuel and et turpentine).<\/p>\n\n\n\n<p>\u2620\ufe0f Toxic: products that act as poison on living beings (ex. pesticides).<\/p>\n\n\n\n<p>\ud83d\udca5Explosive: products that cause an explosion or give off toxic vapors(ex. compressed oxygen cylinder and aerosol cans).<\/p>\n\n\n\n<p>Many household items have these characteristics. We can find them stored in the kitche, bathroom, shed or garage in every home across the province. It is important to know how to identify and eliminating them in a safe and efficient way.<\/p>\n\n\n\n<div class=\"wp-block-columns is-layout-flex wp-container-core-columns-is-layout-9d6595d7 wp-block-columns-is-layout-flex\">\n<div class=\"wp-block-column is-layout-flow wp-block-column-is-layout-flow\">\n<p><strong>Household products<\/strong><\/p>\n\n\n\n<ul class=\"wp-block-list\">\n<li>Ammonia (glass cleaners), home cleaners, stove cleaner<\/li>\n\n\n\n<li>Aerosol cans<\/li>\n\n\n\n<li>Floor wax or stripping agents<\/li>\n\n\n\n<li>Fondue fuel<\/li>\n\n\n\n<li>Drain cleaner<\/li>\n\n\n\n<li>Stain remover<\/li>\n\n\n\n<li>Lotion &amp; perfume<\/li>\n\n\n\n<li>Household batteries<\/li>\n\n\n\n<li>Furniture &amp; metal polish<\/li>\n\n\n\n<li>Nail polish &amp; remover<\/li>\n\n\n\n<li><a href=\"https:\/\/www.recyclermeselectroniques.ca\/qc\/quoi-recycler\/\" target=\"_blank\" rel=\"noreferrer noopener\">Old electronic products<\/a><\/li>\n<\/ul>\n<\/div>\n\n\n\n<div class=\"wp-block-column is-layout-flow wp-block-column-is-layout-flow\">\n<p><strong>Garden products<\/strong><\/p>\n\n\n\n<ul class=\"wp-block-list\">\n<li>Chemical fertilizers<\/li>\n\n\n\n<li>Weed removers<\/li>\n\n\n\n<li>Fungicide &amp; herbicide<\/li>\n\n\n\n<li>Pesticide &amp; insecticide<\/li>\n\n\n\n<li>Rat poison<\/li>\n<\/ul>\n<\/div>\n<\/div>\n\n\n\n<div class=\"wp-block-columns is-layout-flex wp-container-core-columns-is-layout-9d6595d7 wp-block-columns-is-layout-flex\">\n<div class=\"wp-block-column is-layout-flow wp-block-column-is-layout-flow\">\n<p><strong>Shed products<\/strong><\/p>\n\n\n\n<ul class=\"wp-block-list\">\n<li>Antifreeze<\/li>\n\n\n\n<li>Used oil<\/li>\n\n\n\n<li>Car batteries<\/li>\n\n\n\n<li>Kerosene<\/li>\n\n\n\n<li>Glue<\/li>\n\n\n\n<li>Car wax &amp; polish<\/li>\n\n\n\n<li>Brush cleaner<\/li>\n\n\n\n<li>Stain, alkylde &amp; latex paint<\/li>\n\n\n\n<li>Paint thinner &amp; remover<\/li>\n\n\n\n<li>Gas<\/li>\n<\/ul>\n<\/div>\n\n\n\n<div class=\"wp-block-column is-layout-flow wp-block-column-is-layout-flow\">\n<p><strong>Miscellaneous products<\/strong><\/p>\n\n\n\n<ul class=\"wp-block-list\">\n<li>Pool acid<\/li>\n\n\n\n<li>Propane tank<\/li>\n\n\n\n<li>Mothballs<\/li>\n\n\n\n<li>Insect repellent<\/li>\n\n\n\n<li>Shoe wax<\/li>\n\n\n\n<li>Chemical products for photos<\/li>\n<\/ul>\n<\/div>\n<\/div>\n\n\n\n<h2 class=\"wp-block-heading\">How to eliminate hazardous household waste<\/h2>\n\n\n\n<p>The <a href=\"https:\/\/www.enfouissementcoaticook.com\/\" title=\"\"><em>R\u00e9gie intermunicipale de gestion des d\u00e9chets solides de la r\u00e9gion de Coaticook<\/em><\/a> and the <a href=\"https:\/\/www.ressourceriedesfrontieres.com\/\" title=\"\"><em>Ressourcerie des fronti\u00e8res<\/em><\/a> are still the two places where Town of Stanstead residents may freely dispose of hazardous household waste products.<\/p>\n\n\n\n<p>This year, the Town of Stanstead is organizing a special collection day for hazardous household materials open to all residents of Stanstead. On <strong>May 20, 2023<\/strong> at the Stanstead municipal garage (10 Villeneuve), residents are invited to bring their HHD products while respecting the above list. <\/p>\n\n\n\n<h2 class=\"wp-block-heading\">Details<\/h2>\n\n\n\n<figure class=\"wp-block-image size-large is-resized\"><img fetchpriority=\"high\" decoding=\"async\" src=\"https:\/\/stanstead.ca\/wp-content\/uploads\/2023\/04\/Collecte-de-RDD-2023-9h-a-15h-affiche_EN-791x1024.png\" alt=\"\" class=\"wp-image-7119\" width=\"521\" height=\"674\" srcset=\"https:\/\/stanstead.ca\/wp-content\/uploads\/2023\/04\/Collecte-de-RDD-2023-9h-a-15h-affiche_EN-791x1024.png 791w, https:\/\/stanstead.ca\/wp-content\/uploads\/2023\/04\/Collecte-de-RDD-2023-9h-a-15h-affiche_EN-232x300.png 232w, https:\/\/stanstead.ca\/wp-content\/uploads\/2023\/04\/Collecte-de-RDD-2023-9h-a-15h-affiche_EN-768x994.png 768w, https:\/\/stanstead.ca\/wp-content\/uploads\/2023\/04\/Collecte-de-RDD-2023-9h-a-15h-affiche_EN-1187x1536.png 1187w, https:\/\/stanstead.ca\/wp-content\/uploads\/2023\/04\/Collecte-de-RDD-2023-9h-a-15h-affiche_EN.png 1545w\" sizes=\"(max-width: 521px) 100vw, 521px\" \/><\/figure>\n","protected":false},"excerpt":{"rendered":"<p>Hazardous Household Waste (HDD) What does \u00ab hazardous household waste\u00bb or HHD mean? Dangerous products are characterized by the following properties: \u2623\ufe0f Corrosive: products the destroy, decay or burn materials [&hellip;]<\/p>\n","protected":false},"author":2,"featured_media":0,"parent":0,"menu_order":0,"comment_status":"closed","ping_status":"closed","template":"","meta":{"_acf_changed":false,"inline_featured_image":false,"footnotes":""},"tags":[],"class_list":["post-7112","page","type-page","status-publish","hentry"],"acf":[],"aioseo_notices":[],"_links":{"self":[{"href":"https:\/\/stanstead.ca\/en\/wp-json\/wp\/v2\/pages\/7112","targetHints":{"allow":["GET"]}}],"collection":[{"href":"https:\/\/stanstead.ca\/en\/wp-json\/wp\/v2\/pages"}],"about":[{"href":"https:\/\/stanstead.ca\/en\/wp-json\/wp\/v2\/types\/page"}],"author":[{"embeddable":true,"href":"https:\/\/stanstead.ca\/en\/wp-json\/wp\/v2\/users\/2"}],"replies":[{"embeddable":true,"href":"https:\/\/stanstead.ca\/en\/wp-json\/wp\/v2\/comments?post=7112"}],"version-history":[{"count":0,"href":"https:\/\/stanstead.ca\/en\/wp-json\/wp\/v2\/pages\/7112\/revisions"}],"wp:attachment":[{"href":"https:\/\/stanstead.ca\/en\/wp-json\/wp\/v2\/media?parent=7112"}],"wp:term":[{"taxonomy":"post_tag","embeddable":true,"href":"https:\/\/stanstead.ca\/en\/wp-json\/wp\/v2\/tags?post=7112"}],"curies":[{"name":"wp","href":"https:\/\/api.w.org\/{rel}","templated":true}]}}